{"id":3495,"date":"2025-01-28T09:01:39","date_gmt":"2025-01-28T09:01:39","guid":{"rendered":"https:\/\/tokio.hochzeitsbusiness.com\/?page_id=3495"},"modified":"2025-01-28T09:01:39","modified_gmt":"2025-01-28T09:01:39","slug":"your-counselling-interview","status":"publish","type":"page","link":"https:\/\/tokio.hochzeitsbusiness.com\/en\/dein-beratungsgespraech\/","title":{"rendered":"Your counselling session"},"content":{"rendered":"\n[et_pb_section fb_built=&#8220;1&#8243; custom_padding_last_edited=&#8220;on|phone&#8220; admin_label=&#8220;Header&#8220; _builder_version=&#8220;4.27.4&#8243; background_color=&#8220;rgba(0,0,0,0.41)&#8220; background_color_gradient_start=&#8220;rgba(45,45,45,0.6)&#8220; background_color_gradient_end=&#8220;rgba(45,45,45,0.85)&#8220; background_image=&#8220;https:\/\/tokio.hochzeitsbusiness.com\/wp-content\/uploads\/2023\/03\/locationscout-fuer-hochzeiten-in-den-bergen-komplettplanungen.jpg&#8220; max_height=&#8220;775px&#8220; max_height_tablet=&#8220;755px&#8220; max_height_phone=&#8220;654px&#8220; max_height_last_edited=&#8220;on|desktop&#8220; custom_margin=&#8220;-193px||||false|false&#8220; custom_margin_tablet=&#8220;-508px||||false|false&#8220; custom_margin_phone=&#8220;-200px||||false|false&#8220; custom_margin_last_edited=&#8220;on|tablet&#8220; custom_padding=&#8220;15vw||15vw||true|false&#8220; custom_padding_tablet=&#8220;32vw||32vw||true|false&#8220; custom_padding_phone=&#8220;30vw||30vw||true|false&#8220; background_last_edited=&#8220;on|desktop&#8220; parallax_tablet=&#8220;on&#8220; parallax_phone=&#8220;off&#8220; parallax_method_tablet=&#8220;on&#8220; background_size_tablet=&#8220;cover&#8220; background_position_tablet=&#8220;center&#8220; global_colors_info=&#8220;{}&#8220;][et_pb_row custom_padding_last_edited=&#8220;on|tablet&#8220; _builder_version=&#8220;4.20.2&#8243; custom_margin=&#8220;144px|auto||auto||&#8220; custom_margin_tablet=&#8220;0px|auto||auto|false|false&#8220; custom_margin_phone=&#8220;0px|auto||auto|false|false&#8220; custom_margin_last_edited=&#8220;on|tablet&#8220; custom_padding_tablet=&#8220;0px||||false|false&#8220; custom_padding_phone=&#8220;0px||||false|false&#8220; locked=&#8220;off&#8220; global_colors_info=&#8220;{}&#8220;][et_pb_column type=&#8220;4_4&#8243; _builder_version=&#8220;4.16&#8243; z_index=&#8220;10&#8243; global_colors_info=&#8220;{}&#8220;][et_pb_text _builder_version=&#8220;4.27.4&#8243; header_font=&#8220;SeriouslyNostalgic SemiCond||||||||&#8220; header_font_size=&#8220;83px&#8220; header_letter_spacing=&#8220;3px&#8220; header_line_height=&#8220;1.3em&#8220; background_layout=&#8220;dark&#8220; max_width=&#8220;800px&#8220; custom_margin=&#8220;-38px|||||&#8220; custom_margin_tablet=&#8220;52px||||false|false&#8220; custom_margin_phone=&#8220;165px||||false|false&#8220; custom_margin_last_edited=&#8220;on|tablet&#8220; header_font_size_tablet=&#8220;50px&#8220; header_font_size_phone=&#8220;45px&#8220; header_font_size_last_edited=&#8220;on|phone&#8220; global_colors_info=&#8220;{}&#8220;]<h1>Ihr habt bald euer Beratungsgespr\u00e4ch bei mir?<\/h1>[\/et_pb_text][et_pb_text content_tablet=&#8220;<h1>Dann ist diese Seite genau das Richtige f\u00fcr Euch. Hier findet ihr alle wichtigen Informationen.<\/h1>&#8220; content_phone=&#8220;<h1>Dann ist diese Seite genau das Richtige f\u00fcr Euch. Hier findet ihr alle wichtigen Informationen.<\/h1>&#8220; content_last_edited=&#8220;on|phone&#8220; _builder_version=&#8220;4.27.4&#8243; _module_preset=&#8220;default&#8220; text_font=&#8220;Libra Franklin Light||||||||&#8220; text_font_size=&#8220;17px&#8220; header_font=&#8220;Libra Franklin Light||||||||&#8220; header_text_color=&#8220;#FFFFFF&#8220; header_font_size=&#8220;24px&#8220; header_line_height=&#8220;1.4em&#8220; header_2_font=&#8220;Libra Franklin Light||||||||&#8220; header_2_text_color=&#8220;#FFFFFF&#8220; custom_margin=&#8220;-38px|||||&#8220; text_font_size_tablet=&#8220;17px&#8220; text_font_size_phone=&#8220;17px&#8220; text_font_size_last_edited=&#8220;on|phone&#8220; header_font_size_tablet=&#8220;19px&#8220; header_font_size_phone=&#8220;17px&#8220; header_font_size_last_edited=&#8220;on|tablet&#8220; header_2_font_size_tablet=&#8220;&#8220; header_2_font_size_phone=&#8220;22px&#8220; header_2_font_size_last_edited=&#8220;on|desktop&#8220; global_colors_info=&#8220;{}&#8220;]<h1>Dann ist diese Seite genau das Richtige f\u00fcr Euch. Hier findet ihr alle wichtigen Informationen.<\/h1>[\/et_pb_text][\/et_pb_column][\/et_pb_row][\/et_pb_section][et_pb_section fb_built=&#8220;1&#8243; _builder_version=&#8220;4.16&#8243; _module_preset=&#8220;default&#8220; global_colors_info=&#8220;{}&#8220;][et_pb_row _builder_version=&#8220;4.16&#8243; _module_preset=&#8220;default&#8220; global_colors_info=&#8220;{}&#8220;][et_pb_column type=&#8220;4_4&#8243; _builder_version=&#8220;4.16&#8243; _module_preset=&#8220;default&#8220; global_colors_info=&#8220;{}&#8220;][et_pb_text content_tablet=&#8220;<h2>Wichtige Hinweise f\u00fcr euer Beratungsgespr\u00e4ch<\/h2>&#8220; content_phone=&#8220;<h2>Wichtige Hinweise f\u00fcr euer Beratungsgespr\u00e4ch<\/h2>&#8220; content_last_edited=&#8220;on|phone&#8220; _builder_version=&#8220;4.27.4&#8243; _module_preset=&#8220;default&#8220; header_2_font=&#8220;SeriouslyNostalgic SemiCond||||||||&#8220; header_2_text_align=&#8220;center&#8220; header_2_font_size=&#8220;45px&#8220; header_font_size_tablet=&#8220;&#8220; header_font_size_phone=&#8220;30px&#8220; header_font_size_last_edited=&#8220;on|phone&#8220; header_2_font_size_tablet=&#8220;43px&#8220; header_2_font_size_phone=&#8220;43px&#8220; header_2_font_size_last_edited=&#8220;on|desktop&#8220; global_colors_info=&#8220;{}&#8220;]<h2>Wichtige Hinweise f\u00fcr euer Beratungsgespr\u00e4ch<\/h2>[\/et_pb_text][et_pb_text content_tablet=&#8220;<p style=%22text-align: center;%22>Erstmal vorab: Das Beratungsgespr\u00e4ch ist komplett <br \/>kostenlos und unverbindlich.<\/p>&#8220; content_phone=&#8220;<p style=%22text-align: center;%22>Erstmal vorab: Das Beratungsgespr\u00e4ch ist komplett kostenlos und unverbindlich.<\/p>&#8220; content_last_edited=&#8220;on|tablet&#8220; _builder_version=&#8220;4.27.4&#8243; _module_preset=&#8220;default&#8220; text_font=&#8220;|||on|||||&#8220; text_font_size=&#8220;15px&#8220; text_line_height=&#8220;1em&#8220; custom_margin=&#8220;-16px||||false|false&#8220; custom_margin_tablet=&#8220;-16px||||false|false&#8220; custom_margin_phone=&#8220;-16px||||false|false&#8220; custom_margin_last_edited=&#8220;on|desktop&#8220; custom_padding=&#8220;0px||||false|false&#8220; custom_padding_tablet=&#8220;0px||||false|false&#8220; custom_padding_phone=&#8220;0px||||false|false&#8220; custom_padding_last_edited=&#8220;on|desktop&#8220; text_font_size_tablet=&#8220;15px&#8220; text_font_size_phone=&#8220;14px&#8220; text_font_size_last_edited=&#8220;on|desktop&#8220; text_line_height_tablet=&#8220;1.5em&#8220; text_line_height_phone=&#8220;1.5em&#8220; text_line_height_last_edited=&#8220;on|tablet&#8220; global_colors_info=&#8220;{}&#8220;]<p style=\"text-align: center;\">Erstmal vorab: Das Beratungsgespr\u00e4ch ist komplett kostenlos und unverbindlich.<\/p>[\/et_pb_text][\/et_pb_column][\/et_pb_row][et_pb_row _builder_version=&#8220;4.16&#8243; _module_preset=&#8220;default&#8220; width=&#8220;86%&#8220; max_width=&#8220;2560px&#8220; global_colors_info=&#8220;{}&#8220;][et_pb_column type=&#8220;4_4&#8243; _builder_version=&#8220;4.16&#8243; _module_preset=&#8220;default&#8220; global_colors_info=&#8220;{}&#8220;][et_pb_text content_tablet=&#8220;<h2>EUER SAFE SPACE<\/h2>\n<p>Das Beratungsgespr\u00e4ch ist euer pers\u00f6nlicher Safe Space der Hochzeitsplanung. Hier ist alles erlaubt &#8211; Sorgen, \u00c4ngste, aktuelle Herausforderungen sind ganz normal und hier ist genau der richtige Platz, um dar\u00fcber zu sprechen. <\/p>\n<p>Nur wenn ihr offen und ehrlich mit mir seid, wie ihr euch eure Hochzeit vorstellt, wie euer Alltag aussieht und welche Fragen in euren K\u00f6pfen herumschwirren, kann ich euch wirklich weiterhelfen. Nur dann kann ich euch den richtigen Fahrplan an die Hand geben, der zu euch und eurer Situation passt.<\/p>\n<p>\u00a0<\/p>\n<h2>TECHNIK-CHECK<\/h2>\n<p>Das Beratungsgespr\u00e4ch wird via Zoom stattfinden. Stellt daher bitte sicher, dass ihr w\u00e4hrend des Gespr\u00e4chs eine gute Internetverbindung habt und euer Mikrofon &#038; eure Kamera funktionieren.<\/p>\n<p>\u00a0<\/p>\n<h2>K\u00d6NNT IHR EINE ENTSCHEIDUNG TREFFEN?<\/h2>\n<p>Ich werde euch in dem Gespr\u00e4ch nat\u00fcrlich auch meine Pakete &#038; Preise vorstellen und mache euch ein konkretes Angebot, das zu eurer Situation passt. <br \/>Deshalb ist es auch so wichtig, dass alle Personen, die bei der Entscheidung und beim Thema Finanzen involviert sind, beim Beratungsgespr\u00e4ch dabei sind. <\/p>\n<p>Damit habe ich einfach die Besten Erfahrungen gemacht, weil sich dann alle ein Bild von mir und meinen Leistungen machen k\u00f6nnen und keine Infos verloren gehen.<\/p>&#8220; content_phone=&#8220;<h2>EUER SAFE SPACE<\/h2>\n<p>Das Beratungsgespr\u00e4ch ist euer pers\u00f6nlicher Safe Space der Hochzeitsplanung. Hier ist alles <br \/>erlaubt: Sorgen, \u00c4ngste, aktuelle Herausforderungen sind ganz normal und hier ist genau der richtige Platz, um dar\u00fcber zu sprechen. <\/p>\n<p>Nur wenn ihr offen und ehrlich mit mir seid, wie ihr euch eure Hochzeit vorstellt, wie euer Alltag aussieht und welche Fragen in euren K\u00f6pfen herumschwirren, kann ich euch wirklich weiterhelfen. <br \/>Nur dann kann ich euch den richtigen Fahrplan an die Hand geben, der zu euch und eurer Situation passt.<\/p>\n<p>\u00a0<\/p>\n<h2>TECHNIK-CHECK<\/h2>\n<p>Das Beratungsgespr\u00e4ch wird via Zoom stattfinden. Stellt daher bitte sicher, dass ihr w\u00e4hrend des Gespr\u00e4chs eine gute Internetverbindung habt und euer Mikrofon &#038; eure Kamera funktionieren.<\/p>\n<p>\u00a0<\/p>\n<h2>K\u00d6NNT IHR EINE ENTSCHEIDUNG TREFFEN?<\/h2>\n<p>Ich werde euch in dem Gespr\u00e4ch nat\u00fcrlich auch meine Pakete &#038; Preise vorstellen und mache euch ein konkretes Angebot, das zu eurer Situation passt. <br \/>Deshalb ist es auch so wichtig, dass alle Personen, die bei der Entscheidung und beim Thema Finanzen involviert sind, beim Beratungsgespr\u00e4ch dabei sind. <\/p>\n<p>Damit habe ich einfach die Besten Erfahrungen gemacht, weil sich dann alle ein Bild von mir und meinen Leistungen machen k\u00f6nnen und keine Infos verloren gehen.<\/p>&#8220; content_last_edited=&#8220;on|phone&#8220; _builder_version=&#8220;4.27.4&#8243; _module_preset=&#8220;default&#8220; text_font=&#8220;Libra Franklin Light||||||||&#8220; text_font_size=&#8220;17px&#8220; custom_margin=&#8220;1px|||||&#8220; global_colors_info=&#8220;{}&#8220;]<h2>EUER SAFE SPACE<\/h2>\n<p>Das Beratungsgespr\u00e4ch ist euer pers\u00f6nlicher Safe Space der Hochzeitsplanung. Hier ist alles erlaubt &#8211; Sorgen, \u00c4ngste, aktuelle Herausforderungen sind ganz normal und hier ist genau der richtige Platz, um dar\u00fcber zu sprechen. Nur wenn ihr offen und ehrlich mit mir seid, wie ihr euch eure Hochzeit vorstellt, wie euer Alltag aussieht und welche Fragen in euren K\u00f6pfen herumschwirren, kann ich euch wirklich weiterhelfen. Nur dann kann ich euch den richtigen Fahrplan an die Hand geben, der zu euch und eurer Situation passt.<\/p>\n<p>&nbsp;<\/p>\n<h2>TECHNIK-CHECK<\/h2>\n<p>Das Beratungsgespr\u00e4ch wird via Zoom stattfinden. Stellt daher bitte sicher, dass ihr w\u00e4hrend des Gespr\u00e4chs eine gute Internetverbindung habt und euer Mikrofon &amp; eure Kamera funktionieren.<\/p>\n<p>&nbsp;<\/p>\n<h2>K\u00d6NNT IHR EINE ENTSCHEIDUNG TREFFEN?<\/h2>\n<p>Ich werde euch in dem Gespr\u00e4ch nat\u00fcrlich auch meine Pakete &amp; Preise vorstellen und mache euch ein konkretes Angebot, das zu eurer Situation passt. Deshalb ist es auch so wichtig, dass alle Personen, die bei der Entscheidung und beim Thema Finanzen involviert sind, beim Beratungsgespr\u00e4ch dabei sind. Damit habe ich einfach die Besten Erfahrungen gemacht, weil sich dann alle ein Bild von mir und meinen Leistungen machen k\u00f6nnen und keine Infos verloren gehen.<\/p>[\/et_pb_text][\/et_pb_column][\/et_pb_row][\/et_pb_section][et_pb_section fb_built=&#8220;1&#8243; _builder_version=&#8220;4.27.4&#8243; _module_preset=&#8220;default&#8220; background_image=&#8220;https:\/\/tokio.hochzeitsbusiness.com\/wp-content\/uploads\/2024\/12\/Ronja-Weddings-Hochzeitsplaner-Oesterreich-Mountain-Wedding-Berghochzeit-Alpen-Kosten.jpg&#8220; parallax=&#8220;on&#8220; parallax_method=&#8220;off&#8220; custom_padding=&#8220;192px||192px||true|&#8220; global_colors_info=&#8220;{}&#8220;][et_pb_row _builder_version=&#8220;4.16&#8243; _module_preset=&#8220;default&#8220; global_colors_info=&#8220;{}&#8220;][et_pb_column type=&#8220;4_4&#8243; _builder_version=&#8220;4.16&#8243; _module_preset=&#8220;default&#8220; global_colors_info=&#8220;{}&#8220;][et_pb_text _builder_version=&#8220;4.27.4&#8243; _module_preset=&#8220;default&#8220; header_2_font=&#8220;SeriouslyNostalgic SemiCond||||||||&#8220; header_2_text_align=&#8220;center&#8220; header_2_text_color=&#8220;#FFFFFF&#8220; header_2_font_size=&#8220;85px&#8220; custom_margin=&#8220;||||false|false&#8220; custom_padding=&#8220;||||false|false&#8220; text_font_size_tablet=&#8220;&#8220; text_font_size_phone=&#8220;&#8220; text_font_size_last_edited=&#8220;on|desktop&#8220; header_2_font_size_tablet=&#8220;84px&#8220; header_2_font_size_phone=&#8220;58px&#8220; header_2_font_size_last_edited=&#8220;on|phone&#8220; global_colors_info=&#8220;{}&#8220;]<h2><em>Kennt ihr schon meinen Hochzeitsblog?<\/em><\/h2>[\/et_pb_text][et_pb_button button_url=&#8220;@ET-DC@eyJkeW5hbWljIjp0cnVlLCJjb250ZW50IjoicG9zdF9saW5rX3VybF9wYWdlIiwic2V0dGluZ3MiOnsicG9zdF9pZCI6IjExMjMifX0=@&#8220; url_new_window=&#8220;on&#8220; button_text=&#8220;Hier geht&#8217;s zum Blog&#8220; button_alignment=&#8220;center&#8220; button_alignment_tablet=&#8220;center&#8220; button_alignment_phone=&#8220;center&#8220; button_alignment_last_edited=&#8220;on|phone&#8220; _builder_version=&#8220;4.27.4&#8243; _dynamic_attributes=&#8220;button_url&#8220; custom_button=&#8220;on&#8220; button_text_size=&#8220;14px&#8220; button_text_color=&#8220;#FFFFFF&#8220; button_bg_color=&#8220;RGBA(255,255,255,0)&#8220; button_border_width=&#8220;0px&#8220; button_border_color=&#8220;#FFFFFF&#8220; button_border_radius=&#8220;0px&#8220; button_letter_spacing=&#8220;3px&#8220; button_font=&#8220;Libra Franklin Light|||on|||||&#8220; button_use_icon=&#8220;off&#8220; background_layout=&#8220;dark&#8220; custom_margin=&#8220;|||0px|false|false&#8220; custom_margin_tablet=&#8220;|||0px|false|false&#8220; custom_margin_phone=&#8220;|||0px|false|false&#8220; custom_margin_last_edited=&#8220;on|phone&#8220; custom_padding=&#8220;10px|0px|10px|0px|true|true&#8220; box_shadow_style=&#8220;preset4&#8243; box_shadow_horizontal=&#8220;0px&#8220; box_shadow_vertical=&#8220;2px&#8220; box_shadow_color=&#8220;#FFFFFF&#8220; locked=&#8220;off&#8220; global_colors_info=&#8220;{}&#8220; button_text_color__hover_enabled=&#8220;on|hover&#8220; button_text_color__hover=&#8220;rgba(0,0,0,0.6)&#8220; box_shadow_color__hover_enabled=&#8220;on|hover&#8220; box_shadow_color__hover=&#8220;rgba(0,0,0,0.6)&#8220;][\/et_pb_button][\/et_pb_column][\/et_pb_row][\/et_pb_section][et_pb_section fb_built=&#8220;1&#8243; disabled_on=&#8220;off|off|off&#8220; _builder_version=&#8220;4.27.4&#8243; _module_preset=&#8220;default&#8220; custom_padding=&#8220;1px|||||&#8220; border_width_top=&#8220;1px&#8220; border_color_top=&#8220;#D9DBE1&#8243; border_color_bottom=&#8220;#D9DBE1&#8243; global_colors_info=&#8220;{}&#8220;][et_pb_row _builder_version=&#8220;4.27.0&#8243; _module_preset=&#8220;default&#8220; width=&#8220;100%&#8220; width_tablet=&#8220;100%&#8220; width_phone=&#8220;100%&#8220; width_last_edited=&#8220;on|desktop&#8220; max_width=&#8220;none&#8220; max_width_tablet=&#8220;none&#8220; max_width_phone=&#8220;none&#8220; max_width_last_edited=&#8220;on|tablet&#8220; custom_margin=&#8220;20px||0px||false|false&#8220; global_colors_info=&#8220;{}&#8220;][et_pb_column type=&#8220;4_4&#8243; _builder_version=&#8220;4.23&#8243; _module_preset=&#8220;default&#8220; global_colors_info=&#8220;{}&#8220;][et_pb_text _builder_version=&#8220;4.23&#8243; _module_preset=&#8220;default&#8220; header_2_font=&#8220;SeriouslyNostalgic SemiCond||||||||&#8220; header_2_text_align=&#8220;center&#8220; header_2_font_size=&#8220;45px&#8220; custom_padding=&#8220;10px||||false|false&#8220; global_colors_info=&#8220;{}&#8220;]<h2 style=\"text-align: center;\">LOVE LETTERS<\/h2>[\/et_pb_text][et_pb_slider arrows_custom_color=&#8220;#292828&#8243; dot_nav_custom_color=&#8220;#292828&#8243; _builder_version=&#8220;4.27.4&#8243; _module_preset=&#8220;default&#8220; header_text_color=&#8220;#292828&#8243; body_text_align=&#8220;center&#8220; body_text_color=&#8220;#292828&#8243; background_color=&#8220;RGBA(255,255,255,0)&#8220; width=&#8220;100%&#8220; custom_margin=&#8220;-29px||||false|false&#8220; custom_padding=&#8220;50px||70px||false|false&#8220; custom_padding_tablet=&#8220;50px||70px||false|false&#8220; custom_padding_phone=&#8220;50px||70px||false|false&#8220; custom_padding_last_edited=&#8220;on|phone&#8220; border_width_all=&#8220;1px&#8220; border_color_all=&#8220;#D9DBE1&#8243; global_colors_info=&#8220;{}&#8220;][et_pb_slide _builder_version=&#8220;4.27.0&#8243; _module_preset=&#8220;default&#8220; body_font=&#8220;||||||||&#8220; body_text_color=&#8220;#292828&#8243; global_colors_info=&#8220;{}&#8220; sticky_transition=&#8220;on&#8220;]<p><span>Wir haben die liebe Ronja zur Teilplanung &amp; als Wedding Day Manager gebucht.<br \/><\/span><span>Wir sind wirklich zu 1000% mit ihrer Arbeit zufrieden gewesen, sie stand uns immer mit Rat und Tat zur Seite, hat uns Dienstleister abgenommen, um die wir uns nicht so gerne k\u00fcmmern wollten, hat uns Pl\u00e4ne erstellt und den Zeitplan im Kopf gehabt, sodass wir nichts vergessen konnten.<br \/>9 Monate hat sie uns begleitet und es hat sich angef\u00fchlt als w\u00fcrde unsere Freundin die Hochzeit planen. Sie ist so ein Herzensmensch und legt Wert auf Perfektion &amp; dass es dem Brautpaar (in dem Fall uns) gut geht! <\/span><\/p>\n<p><span>An unserem Hochzeitstag lief alles von vorne bis hinten perfekt, wir konnten unsere Hochzeit soooo sehr genie\u00dfen &amp; mussten uns um nichts k\u00fcmmern! Das sind das Erinnerungen die immer bleiben, die uns Ronja durch ihre strukturierte und liebenswerte Art geschenkt hat! \u2665\ufe0f DANKE!!! <\/span><\/p>\n<p><span>Wir k\u00f6nnen Ronja nur vom ganzen Herzen empfehlen, sie ist wirklich jeden Cent wert &amp; ein Mensch der man zu 100% vertraut! <\/span><\/p>\n<p><span>DANKE, f\u00fcr Alles!<\/span><br \/><span>Dein Brautpaar J &amp; P<\/span><\/p>[\/et_pb_slide][et_pb_slide _builder_version=&#8220;4.27.0&#8243; _module_preset=&#8220;default&#8220; global_colors_info=&#8220;{}&#8220; sticky_transition=&#8220;on&#8220;]<p style=\"text-align: center;\"><span>Ich hatte das Vergn\u00fcgen, mit Ronja bei einem gemeinsamen Styled Shoot zusammenzuarbeiten, das sie mit viel Hingabe und Professionalit\u00e4t geplant und organisiert hat. Ronja ist nicht nur eine herausragende Weddingplannerin, sondern auch eine total sympathische Pers\u00f6nlichkeit \ud83d\ude42<\/span><\/p>\n<p><span>Selbst in stressigen Momenten wirkt sie gelassen, positiv und hat dennoch alles fest im Griff. Bei unserer Zusammenarbeit war jedes Detail mit Bedacht durchdacht und es wurde zeitgleich viel Wert darauf gelegt, dass sich jeder Dienstleister rundum wohl f\u00fchlt.<\/span><\/p>\n<p style=\"text-align: center;\"><span>Vor allem wenn es um das Thema &#8222;elegante Berghochzeit&#8220; geht kann ich Ronja nur jedem Paar empfehlen. Wenn ihr nach einer professionellen und herzlichen Weddingplannerin sucht, die sicherstellt, dass der gro\u00dfe Tag reibungslos verl\u00e4uft, dann seid ihr bei ihr richtig \ud83d\ude42<\/span><\/p>\n<p style=\"text-align: center;\"><span><\/span><\/p>\n<p style=\"text-align: center;\"><span>Anna Kafka, Fotografin<\/span><\/p>[\/et_pb_slide][et_pb_slide _builder_version=&#8220;4.27.0&#8243; _module_preset=&#8220;default&#8220; global_colors_info=&#8220;{}&#8220; sticky_transition=&#8220;on&#8220;]<p style=\"text-align: center;\"><span>Liebe Ronja,<\/span><\/p>\n<p style=\"text-align: center;\"><span>du warst an der Hochzeit unserer Tochter der Fels in der Brandung.Hast unseren Kindern auch im Vorfeld bei der Planung die Anspannung genommen, Vertrauen aufgebaut und somit den Tag der Hochzeit f\u00fcr uns alle wundersch\u00f6n werden lassen.<\/span><\/p>\n<p style=\"text-align: center;\"><span>Ich h\u00e4tte pers\u00f6nlich im Vorfeld nie gedacht, dass es mit einer Hochzeitsplanerin so viel entspannter f\u00fcr das Brautpaar, die Trauzeugen und die Eltern wird.<\/span><\/p>\n<p style=\"text-align: center;\"><span>Wir w\u00fcnschen dir alles Liebe,<br \/><\/span><span>Conny &amp; Jan<\/span><\/p>[\/et_pb_slide][et_pb_slide _builder_version=&#8220;4.27.0&#8243; _module_preset=&#8220;default&#8220; global_colors_info=&#8220;{}&#8220; sticky_transition=&#8220;on&#8220;]<p style=\"text-align: center;\"><span>Die liebe Ronja engagierte mich als Hochzeitsfloristin- und Dekorateurin f\u00fcr eine wundervolle Hochzeit, die diesen Monat stattgefunden hat.<br \/><\/span><span>Durch ihren Charme und ihre Professionalit\u00e4t war es total einfach mit ihr zusammenzuarbeiten. Sie wusste ganz genau, was ihr Brautpaar wollte und was nicht! Was, wie ich finde, fast noch Wichtiger ist.<br \/><\/span><br \/><span>Als wir am Hochzeitstag in der Location antrafen, um aufzubauen, zeigte sie uns die komplette Location und wo wir was aufbauen d\u00fcrfen. An dem Tag war sie sehr organisiert. Sie hatte alles dabei, was man sich nur vorstellen kann (f\u00fcr alle F\u00e4lle).<br \/><\/span><span>Ich habe sie schon anderen Paaren weiterempfohlen und hoffe, dass wir noch viele Hochzeiten gemeinsam gestalten d\u00fcrfen.<\/span><\/p>\n<p style=\"text-align: center;\"><span><\/span><\/p>\n<p style=\"text-align: center;\"><span>Katharina Kirsch<\/span><\/p>[\/et_pb_slide][\/et_pb_slider][\/et_pb_column][\/et_pb_row][\/et_pb_section]\n","protected":false},"excerpt":{"rendered":"<p>Ihr habt bald euer Beratungsgespr\u00e4ch bei mir?Dann ist diese Seite genau das Richtige f\u00fcr Euch. Hier findet ihr alle wichtigen Informationen.Wichtige Hinweise f\u00fcr euer Beratungsgespr\u00e4chErstmal vorab: Das Beratungsgespr\u00e4ch ist komplett kostenlos und unverbindlich.EUER SAFE SPACE Das Beratungsgespr\u00e4ch ist euer pers\u00f6nlicher Safe Space der Hochzeitsplanung. Hier ist alles erlaubt &#8211; Sorgen, \u00c4ngste, aktuelle Herausforderungen sind ganz [&hellip;]<\/p>\n","protected":false},"author":2,"featured_media":0,"parent":0,"menu_order":0,"comment_status":"closed","ping_status":"closed","template":"","meta":{"_et_pb_use_builder":"on","_et_pb_old_content":"","_et_gb_content_width":"","om_disable_all_campaigns":false,"_monsterinsights_skip_tracking":false,"_monsterinsights_sitenote_active":false,"_monsterinsights_sitenote_note":"","_monsterinsights_sitenote_category":0,"footnotes":""},"class_list":["post-3495","page","type-page","status-publish","hentry"],"_links":{"self":[{"href":"https:\/\/tokio.hochzeitsbusiness.com\/en\/wp-json\/wp\/v2\/pages\/3495","targetHints":{"allow":["GET"]}}],"collection":[{"href":"https:\/\/tokio.hochzeitsbusiness.com\/en\/wp-json\/wp\/v2\/pages"}],"about":[{"href":"https:\/\/tokio.hochzeitsbusiness.com\/en\/wp-json\/wp\/v2\/types\/page"}],"author":[{"embeddable":true,"href":"https:\/\/tokio.hochzeitsbusiness.com\/en\/wp-json\/wp\/v2\/users\/2"}],"replies":[{"embeddable":true,"href":"https:\/\/tokio.hochzeitsbusiness.com\/en\/wp-json\/wp\/v2\/comments?post=3495"}],"version-history":[{"count":15,"href":"https:\/\/tokio.hochzeitsbusiness.com\/en\/wp-json\/wp\/v2\/pages\/3495\/revisions"}],"predecessor-version":[{"id":3520,"href":"https:\/\/tokio.hochzeitsbusiness.com\/en\/wp-json\/wp\/v2\/pages\/3495\/revisions\/3520"}],"wp:attachment":[{"href":"https:\/\/tokio.hochzeitsbusiness.com\/en\/wp-json\/wp\/v2\/media?parent=3495"}],"curies":[{"name":"wp","href":"https:\/\/api.w.org\/{rel}","templated":true}]}}