{"id":692,"date":"2023-04-07T10:48:16","date_gmt":"2023-04-07T10:48:16","guid":{"rendered":"https:\/\/tokio.hochzeitsbusiness.com\/?page_id=692"},"modified":"2025-06-26T06:41:53","modified_gmt":"2025-06-26T06:41:53","slug":"imprint","status":"publish","type":"page","link":"https:\/\/tokio.hochzeitsbusiness.com\/en\/impressum\/","title":{"rendered":"Imprint"},"content":{"rendered":"<p>[et_pb_section fb_built=&#8220;1&#8243; _builder_version=&#8220;4.20.2&#8243; _module_preset=&#8220;default&#8220; global_colors_info=&#8220;{}&#8220;][et_pb_row _builder_version=&#8220;4.20.2&#8243; _module_preset=&#8220;default&#8220; global_colors_info=&#8220;{}&#8220;][et_pb_column type=&#8220;4_4&#8243; _builder_version=&#8220;4.20.2&#8243; _module_preset=&#8220;default&#8220; global_colors_info=&#8220;{}&#8220;][et_pb_text _builder_version=&#8220;4.20.2&#8243; _module_preset=&#8220;default&#8220; global_colors_info=&#8220;{}&#8220;]<\/p>\n<h1>Impressum<\/h1>\n<h2>Angaben gem\u00e4\u00df \u00a7 5 TMG<\/h2>\n<p>Ronja Baumbach, Hochzeitsplanerin f\u00fcr Berghochzeiten (\u00d6sterreich, Allg\u00e4u, Alpen)<\/p>\n<p>Bergkirchner Stra\u00dfe 3<\/p>\n<p>85232 Bergkirchen<\/p>\n<h2>Kontakt<\/h2>\n<p>\u00a0E-Mail: hello@tokio.hochzeitsbusiness.com<\/p>\n<h2>EU-Streitschlichtung<\/h2>\n<p>Die Europ\u00e4ische Kommission stellt eine Plattform zur Online-Streitbeilegung (OS) bereit: <a href=\"https:\/\/ec.europa.eu\/consumers\/odr\/\" target=\"_blank\" rel=\"noopener noreferrer\">https:\/\/ec.europa.eu\/consumers\/odr\/<\/a>.<br \/>Unsere E-Mail-Adresse finden Sie oben im Impressum.<\/p>\n<h2>Verbraucher\u00adstreit\u00adbeilegung\/Universal\u00adschlichtungs\u00adstelle<\/h2>\n<p>Wir sind nicht bereit oder verpflichtet, an Streitbeilegungsverfahren vor einer Verbraucherschlichtungsstelle teilzunehmen.<\/p>\n<p>[\/et_pb_text][\/et_pb_column][\/et_pb_row][\/et_pb_section]<\/p>\n","protected":false},"excerpt":{"rendered":"<p>Imprint Information according to \u00a7 5 TMG Ronja Baumbach, wedding planner for mountain weddings (Austria, Allg\u00e4u, Alps) Bergkirchner Stra\u00dfe 3 85232 Bergkirchen Contact e-mail: hello@tokio.hochzeitsbusiness.com EU dispute resolution The European Commission provides a platform for online dispute resolution (OS): https:\/\/ec.europa.eu\/consumers\/odr\/.Unsere You can find the e-mail address above in the imprint. Consumer dispute resolution\/Universal arbitration board We are not willing or obliged to participate in dispute resolution proceedings before a consumer arbitration board.<\/p>","protected":false},"author":1,"featured_media":0,"parent":0,"menu_order":0,"comment_status":"closed","ping_status":"closed","template":"","meta":{"_et_pb_use_builder":"on","_et_pb_old_content":"","_et_gb_content_width":"","om_disable_all_campaigns":false,"_monsterinsights_skip_tracking":false,"_monsterinsights_sitenote_active":false,"_monsterinsights_sitenote_note":"","_monsterinsights_sitenote_category":0,"footnotes":""},"class_list":["post-692","page","type-page","status-publish","hentry"],"_links":{"self":[{"href":"https:\/\/tokio.hochzeitsbusiness.com\/en\/wp-json\/wp\/v2\/pages\/692","targetHints":{"allow":["GET"]}}],"collection":[{"href":"https:\/\/tokio.hochzeitsbusiness.com\/en\/wp-json\/wp\/v2\/pages"}],"about":[{"href":"https:\/\/tokio.hochzeitsbusiness.com\/en\/wp-json\/wp\/v2\/types\/page"}],"author":[{"embeddable":true,"href":"https:\/\/tokio.hochzeitsbusiness.com\/en\/wp-json\/wp\/v2\/users\/1"}],"replies":[{"embeddable":true,"href":"https:\/\/tokio.hochzeitsbusiness.com\/en\/wp-json\/wp\/v2\/comments?post=692"}],"version-history":[{"count":6,"href":"https:\/\/tokio.hochzeitsbusiness.com\/en\/wp-json\/wp\/v2\/pages\/692\/revisions"}],"predecessor-version":[{"id":5435,"href":"https:\/\/tokio.hochzeitsbusiness.com\/en\/wp-json\/wp\/v2\/pages\/692\/revisions\/5435"}],"wp:attachment":[{"href":"https:\/\/tokio.hochzeitsbusiness.com\/en\/wp-json\/wp\/v2\/media?parent=692"}],"curies":[{"name":"wp","href":"https:\/\/api.w.org\/{rel}","templated":true}]}}