{"id":954,"date":"2023-10-23T08:03:58","date_gmt":"2023-10-23T08:03:58","guid":{"rendered":"https:\/\/tokio.hochzeitsbusiness.com\/?page_id=954"},"modified":"2025-09-16T09:39:36","modified_gmt":"2025-09-16T09:39:36","slug":"thank-you-for-your-application","status":"publish","type":"page","link":"https:\/\/tokio.hochzeitsbusiness.com\/en\/danke-fuer-eure-bewerbung\/","title":{"rendered":"Thank you for your enquiry"},"content":{"rendered":"\n[et_pb_section fb_built=&#8220;1&#8243; admin_label=&#8220;Header&#8220; _builder_version=&#8220;4.23.4&#8243; background_color=&#8220;#FFFFFF&#8220; background_color_gradient_start=&#8220;rgba(45,45,45,0.6)&#8220; background_color_gradient_end=&#8220;rgba(45,45,45,0.85)&#8220; background_enable_image=&#8220;off&#8220; custom_margin=&#8220;-10px||10px||false|false&#8220; custom_margin_tablet=&#8220;-80px||63px||false|false&#8220; custom_margin_phone=&#8220;-80px||63px||false|false&#8220; custom_margin_last_edited=&#8220;on|tablet&#8220; custom_padding=&#8220;7px||7px||true|false&#8220; global_colors_info=&#8220;{}&#8220;][et_pb_row column_structure=&#8220;3_5,2_5&#8243; custom_padding_last_edited=&#8220;on|phone&#8220; disabled_on=&#8220;on|on|off&#8220; module_id=&#8220;kontakt&#8220; _builder_version=&#8220;4.23.4&#8243; background_color=&#8220;#FFFFFF&#8220; custom_margin=&#8220;50px|auto|50px||false|false&#8220; custom_margin_tablet=&#8220;114px||0px||false|false&#8220; custom_margin_phone=&#8220;114px||0px||false|false&#8220; custom_margin_last_edited=&#8220;on|tablet&#8220; custom_padding=&#8220;|60px|50px|60px|false|true&#8220; custom_padding_tablet=&#8220;|30px|65px|30px|false|true&#8220; custom_padding_phone=&#8220;|30px|30px|30px|false|true&#8220; border_width_all=&#8220;1px&#8220; border_color_all=&#8220;#D9DBE1&#8243; border_style_all=&#8220;double&#8220; locked=&#8220;off&#8220; global_colors_info=&#8220;{}&#8220;][et_pb_column type=&#8220;3_5&#8243; _builder_version=&#8220;4.16&#8243; global_colors_info=&#8220;{}&#8220;][et_pb_text _builder_version=&#8220;4.27.4&#8243; _module_preset=&#8220;default&#8220; text_text_color=&#8220;#FFFFFF&#8220; header_text_color=&#8220;#292828&#8243; header_2_font=&#8220;SeriouslyNostalgic SemiCond|||on|||||&#8220; header_2_text_align=&#8220;center&#8220; header_2_text_color=&#8220;#292828&#8243; header_2_font_size=&#8220;48px&#8220; custom_margin=&#8220;30px||50px||false|false&#8220; hover_enabled=&#8220;0&#8243; global_colors_info=&#8220;{}&#8220; header_2_font_size_last_edited=&#8220;on|desktop&#8220; sticky_enabled=&#8220;0&#8243; custom_margin_last_edited=&#8220;on|desktop&#8220; header_2_font_size_tablet=&#8220;48px&#8220; header_2_font_size_phone=&#8220;48px&#8220; custom_margin_tablet=&#8220;30px||50px||false|false&#8220; custom_margin_phone=&#8220;30px||50px||false|false&#8220;]<h2>Vielen Dank f\u00fcr eure Anfrage!<\/h2>[\/et_pb_text][et_pb_text content_tablet=&#8220;<h3>Ich <strong>\u00fcberpr\u00fcfe<\/strong>, ob und wie ich euch weiterhelfen kann. Ich werde mich in der Regel <strong>innerhalb von 48 Stunden<\/strong> bei euch melden.<\/h3>\n<h3>Stellt also unbedingt sicher, dass ihr innerhalb der n\u00e4chsten Tage auf der von euch angegebenen Nummer gut erreichbar seid.<\/h3>&#8220; content_phone=&#8220;<h3>Ich <strong>\u00fcberpr\u00fcfe<\/strong>, ob und wie ich euch weiterhelfen kann. Ich werde mich in der Regel <strong>innerhalb von 48 Stunden<\/strong> bei euch melden.<\/h3>\n<h3>Stellt also unbedingt sicher, dass ihr innerhalb der n\u00e4chsten Tage auf der von euch angegebenen Nummer gut erreichbar seid.<\/h3>&#8220; content_last_edited=&#8220;on|phone&#8220; _builder_version=&#8220;4.27.4&#8243; _module_preset=&#8220;default&#8220; text_font=&#8220;Libra Franklin Light||||||||&#8220; text_text_color=&#8220;#292828&#8243; text_font_size=&#8220;16px&#8220; header_3_font=&#8220;Libra Franklin Light|300|||||||&#8220; header_3_text_align=&#8220;center&#8220; header_3_text_color=&#8220;#292828&#8243; header_3_font_size=&#8220;18px&#8220; header_3_line_height=&#8220;1.8em&#8220; custom_margin_tablet=&#8220;&#8220; custom_margin_phone=&#8220;|-14px||-14px|false|true&#8220; custom_margin_last_edited=&#8220;on|phone&#8220; text_line_height_tablet=&#8220;&#8220; text_line_height_phone=&#8220;1em&#8220; text_line_height_last_edited=&#8220;on|phone&#8220; header_3_font_size_tablet=&#8220;18px&#8220; header_3_font_size_phone=&#8220;17px&#8220; header_3_font_size_last_edited=&#8220;on|phone&#8220; header_3_line_height_tablet=&#8220;1.8em&#8220; header_3_line_height_phone=&#8220;1.4em&#8220; header_3_line_height_last_edited=&#8220;on|phone&#8220; global_colors_info=&#8220;{}&#8220; text_font_size_last_edited=&#8220;on|desktop&#8220; text_line_height=&#8220;1.9em&#8220; sticky_enabled=&#8220;0&#8243; custom_margin=&#8220;|30px||30px|false|true&#8220; text_font_size_tablet=&#8220;16px&#8220; text_font_size_phone=&#8220;16px&#8220;]<p style=\"text-align: justify;\">Ich <strong>\u00fcberpr\u00fcfe<\/strong>, ob und wie ich euch weiterhelfen kann. Ich werde mich in der Regel <strong>innerhalb von 48 Stunden<\/strong> bei euch melden. Stellt also unbedingt sicher, dass ihr innerhalb der n\u00e4chsten Tage auf der von euch angegebenen Nummer gut erreichbar seid.<\/p>[\/et_pb_text][et_pb_text content_tablet=&#8220;<p style=%22text-align: center;%22><strong>Seht euch nun dieses Video an:<\/strong><\/p>&#8220; content_phone=&#8220;<p style=%22text-align: center;%22><strong>Seht euch nun dieses <\/strong><\/p>\n<p style=%22text-align: center;%22><strong>Video an:<\/strong><\/p>&#8220; content_last_edited=&#8220;on|phone&#8220; _builder_version=&#8220;4.27.4&#8243; _module_preset=&#8220;default&#8220; text_font=&#8220;Libra Franklin Light|||on|||||&#8220; text_text_color=&#8220;#292828&#8243; text_font_size=&#8220;16px&#8220; header_3_font=&#8220;Libra Franklin Light|300|||||||&#8220; header_3_text_align=&#8220;center&#8220; header_3_text_color=&#8220;#292828&#8243; header_3_font_size=&#8220;18px&#8220; header_3_line_height=&#8220;1.8em&#8220; hover_enabled=&#8220;0&#8243; text_line_height_tablet=&#8220;&#8220; text_line_height_phone=&#8220;1em&#8220; text_line_height_last_edited=&#8220;on|phone&#8220; header_3_font_size_tablet=&#8220;18px&#8220; header_3_font_size_phone=&#8220;17px&#8220; header_3_font_size_last_edited=&#8220;on|phone&#8220; header_3_line_height_tablet=&#8220;1.8em&#8220; header_3_line_height_phone=&#8220;1.4em&#8220; header_3_line_height_last_edited=&#8220;on|phone&#8220; global_colors_info=&#8220;{}&#8220; sticky_enabled=&#8220;0&#8243;]<p style=\"text-align: center;\"><strong>Seht euch nun das nebenstehende Video an.<\/strong><\/p>[\/et_pb_text][et_pb_text content_tablet=&#8220;<h3>In der Zwischenzeit k\u00f6nnt ihr euch gerne auf meinem Instagramprofil umschauen &#8211; <strong>vergesst nicht, mich zu abonnieren<\/strong> \ud83d\ude42<\/h3>&#8220; content_phone=&#8220;<h3>In der Zwischenzeit k\u00f6nnt ihr euch gerne auf meinem Instagramprofil umschauen &#8211; <strong>vergesst nicht, mich zu abonnieren<\/strong> \ud83d\ude42<\/h3>&#8220; content_last_edited=&#8220;on|phone&#8220; _builder_version=&#8220;4.27.4&#8243; _module_preset=&#8220;default&#8220; text_font=&#8220;Libra Franklin Light||||||||&#8220; text_text_color=&#8220;#292828&#8243; text_font_size=&#8220;16px&#8220; header_3_font=&#8220;Libra Franklin Light|300|||||||&#8220; header_3_text_align=&#8220;center&#8220; header_3_text_color=&#8220;#292828&#8243; header_3_font_size=&#8220;18px&#8220; header_3_line_height=&#8220;1.8em&#8220; text_line_height_tablet=&#8220;&#8220; text_line_height_phone=&#8220;1em&#8220; text_line_height_last_edited=&#8220;on|phone&#8220; header_3_font_size_tablet=&#8220;18px&#8220; header_3_font_size_phone=&#8220;17px&#8220; header_3_font_size_last_edited=&#8220;on|phone&#8220; header_3_line_height_tablet=&#8220;1.8em&#8220; header_3_line_height_phone=&#8220;1.4em&#8220; header_3_line_height_last_edited=&#8220;on|phone&#8220; global_colors_info=&#8220;{}&#8220; text_font_size_last_edited=&#8220;on|desktop&#8220; text_line_height=&#8220;1.9em&#8220; sticky_enabled=&#8220;0&#8243; custom_margin=&#8220;|30px||30px|false|true&#8220; custom_margin_phone=&#8220;|-14px||-14px|false|true&#8220; custom_margin_last_edited=&#8220;on|phone&#8220; hover_enabled=&#8220;0&#8243; text_font_size_tablet=&#8220;16px&#8220; text_font_size_phone=&#8220;16px&#8220; custom_margin_tablet=&#8220;|30px||30px|false|true&#8220;]<p style=\"text-align: justify;\">In der Zwischenzeit k\u00f6nnt ihr euch gerne auf meinem Instagramprofil umschauen &#8211; <strong>vergesst nicht, mich zu abonnieren<\/strong> \ud83d\ude42<\/p>[\/et_pb_text][et_pb_button button_url=&#8220;https:\/\/www.instagram.com\/ronja.weddings\/&#8220; button_text=&#8220;Zu meinem Instagramprofil&#8220; button_alignment=&#8220;center&#8220; _builder_version=&#8220;4.27.4&#8243; _module_preset=&#8220;default&#8220; custom_button=&#8220;on&#8220; button_text_size=&#8220;17px&#8220; button_text_color=&#8220;#292828&#8243; button_border_color=&#8220;#292828&#8243; button_icon=&#8220;&#xe09a;||divi||400&#8243; button_icon_color=&#8220;#292828&#8243; button_icon_placement=&#8220;left&#8220; button_on_hover=&#8220;off&#8220; background_layout=&#8220;dark&#8220; hover_enabled=&#8220;0&#8243; button_text_size_tablet=&#8220;17px&#8220; button_text_size_phone=&#8220;15px&#8220; button_text_size_last_edited=&#8220;on|phone&#8220; global_colors_info=&#8220;{}&#8220; sticky_enabled=&#8220;0&#8243; custom_margin_last_edited=&#8220;on|desktop&#8220; custom_margin=&#8220;||||false|false&#8220; custom_padding_last_edited=&#8220;off|desktop&#8220; custom_padding=&#8220;||||false|false&#8220; custom_margin_tablet=&#8220;||||false|false&#8220; custom_margin_phone=&#8220;||||false|false&#8220;][\/et_pb_button][\/et_pb_column][et_pb_column type=&#8220;2_5&#8243; _builder_version=&#8220;4.16&#8243; global_colors_info=&#8220;{}&#8220;][et_pb_code _builder_version=&#8220;4.27.4&#8243; _module_preset=&#8220;default&#8220; hover_enabled=&#8220;0&#8243; global_colors_info=&#8220;{}&#8220; sticky_enabled=&#8220;0&#8243;]<script src=\"https:\/\/fast.wistia.com\/player.js\" async><\/script><script src=\"https:\/\/fast.wistia.com\/embed\/cpyii7sf9g.js\" async type=\"module\"><\/script><style>wistia-player[media-id='cpyii7sf9g']:not(:defined) { background: center \/ contain no-repeat url('https:\/\/fast.wistia.com\/embed\/medias\/cpyii7sf9g\/swatch'); display: block; filter: blur(5px); padding-top:177.78%; }<\/style> <wistia-player media-id=\"cpyii7sf9g\" aspect=\"0.5625\"><\/wistia-player>[\/et_pb_code][\/et_pb_column][\/et_pb_row][et_pb_row column_structure=&#8220;3_5,2_5&#8243; custom_padding_last_edited=&#8220;on|phone&#8220; disabled_on=&#8220;off|off|on&#8220; module_id=&#8220;kontakt&#8220; _builder_version=&#8220;4.23.4&#8243; background_color=&#8220;#FFFFFF&#8220; custom_margin=&#8220;50px|auto|50px||false|false&#8220; custom_margin_tablet=&#8220;114px||0px||false|false&#8220; custom_margin_phone=&#8220;114px||0px||false|false&#8220; custom_margin_last_edited=&#8220;on|tablet&#8220; custom_padding=&#8220;|60px|50px|60px|false|true&#8220; custom_padding_tablet=&#8220;|30px|65px|30px|false|true&#8220; custom_padding_phone=&#8220;|30px|0px|30px|false|true&#8220; border_width_all=&#8220;1px&#8220; border_color_all=&#8220;#D9DBE1&#8243; border_style_all=&#8220;double&#8220; locked=&#8220;off&#8220; global_colors_info=&#8220;{}&#8220;][et_pb_column type=&#8220;3_5&#8243; _builder_version=&#8220;4.16&#8243; global_colors_info=&#8220;{}&#8220;][et_pb_text _builder_version=&#8220;4.27.4&#8243; _module_preset=&#8220;default&#8220; text_text_color=&#8220;#FFFFFF&#8220; header_text_color=&#8220;#292828&#8243; header_2_font=&#8220;SeriouslyNostalgic SemiCond|||on|||||&#8220; header_2_text_align=&#8220;center&#8220; header_2_text_color=&#8220;#292828&#8243; header_2_font_size=&#8220;67px&#8220; custom_margin=&#8220;6px|||||&#8220; hover_enabled=&#8220;0&#8243; global_colors_info=&#8220;{}&#8220; header_2_font_size_last_edited=&#8220;on|tablet&#8220; header_2_font_size_tablet=&#8220;49px&#8220; sticky_enabled=&#8220;0&#8243; header_2_font_size_phone=&#8220;40px&#8220;]<h2>Vielen Dank f\u00fcr eure Anfrage!<\/h2>[\/et_pb_text][et_pb_text content_tablet=&#8220;<h3 style=%22text-align: justify;%22>Ich <strong>\u00fcberpr\u00fcfe<\/strong>, ob und wie ich euch weiterhelfen kann. Ich werde mich in der Regel <strong>innerhalb von 48 Stunden<\/strong> bei euch melden.<\/h3>\n<h3 style=%22text-align: justify;%22>Stellt also unbedingt sicher, dass ihr innerhalb der n\u00e4chsten Tage auf der von euch angegebenen Nummer gut erreichbar seid.<\/h3>&#8220; content_phone=&#8220;<h3 style=%22text-align: justify;%22>Ich <strong>\u00fcberpr\u00fcfe<\/strong>, ob und wie ich euch weiterhelfen kann. Ich werde mich in der Regel <strong>innerhalb von 48 Stunden<\/strong> bei euch melden.<\/h3>\n<h3 style=%22text-align: justify;%22>Stellt also unbedingt sicher, dass ihr innerhalb der n\u00e4chsten Tage auf der von euch angegebenen Nummer gut erreichbar seid.<\/h3>&#8220; content_last_edited=&#8220;on|phone&#8220; _builder_version=&#8220;4.27.4&#8243; _module_preset=&#8220;default&#8220; text_font=&#8220;Libra Franklin Light||||||||&#8220; text_text_color=&#8220;#292828&#8243; text_font_size=&#8220;17px&#8220; header_3_font=&#8220;Libra Franklin Light|300|||||||&#8220; header_3_text_align=&#8220;center&#8220; header_3_text_color=&#8220;#292828&#8243; header_3_font_size=&#8220;18px&#8220; header_3_line_height=&#8220;1.8em&#8220; custom_margin_tablet=&#8220;|35px||35px|false|true&#8220; custom_margin_phone=&#8220;|0px||0px|false|true&#8220; custom_margin_last_edited=&#8220;on|phone&#8220; hover_enabled=&#8220;0&#8243; text_line_height_tablet=&#8220;&#8220; text_line_height_phone=&#8220;1em&#8220; text_line_height_last_edited=&#8220;on|phone&#8220; header_3_font_size_tablet=&#8220;15px&#8220; header_3_font_size_phone=&#8220;14px&#8220; header_3_font_size_last_edited=&#8220;on|phone&#8220; header_3_line_height_tablet=&#8220;1.8em&#8220; header_3_line_height_phone=&#8220;1.8em&#8220; header_3_line_height_last_edited=&#8220;on|phone&#8220; global_colors_info=&#8220;{}&#8220; sticky_enabled=&#8220;0&#8243; header_line_height_last_edited=&#8220;on|phone&#8220;]<h3>Ich <strong>\u00fcberpr\u00fcfe<\/strong>, ob und wie ich euch weiterhelfen kann. Ich werde mich in der Regel <strong>innerhalb von 48 Stunden<\/strong> bei euch melden. Stellt also unbedingt sicher, dass ihr innerhalb der n\u00e4chsten Tage auf der von euch angegebenen Nummer gut erreichbar seid.<\/h3>[\/et_pb_text][et_pb_text content_tablet=&#8220;<p style=%22text-align: center;%22><strong>Seht euch nun dieses Video an:<\/strong><\/p>&#8220; content_phone=&#8220;<p style=%22text-align: center;%22><strong>Seht euch nun dieses <\/strong><strong>Video an:<\/strong><\/p>&#8220; content_last_edited=&#8220;on|phone&#8220; _builder_version=&#8220;4.27.4&#8243; _module_preset=&#8220;default&#8220; text_font=&#8220;Libra Franklin Light|||on|||||&#8220; text_text_color=&#8220;#292828&#8243; text_font_size=&#8220;17px&#8220; header_3_font=&#8220;Libra Franklin Light|300|||||||&#8220; header_3_text_align=&#8220;center&#8220; header_3_text_color=&#8220;#292828&#8243; header_3_font_size=&#8220;18px&#8220; header_3_line_height=&#8220;1.8em&#8220; hover_enabled=&#8220;0&#8243; text_line_height_tablet=&#8220;&#8220; text_line_height_phone=&#8220;1em&#8220; text_line_height_last_edited=&#8220;on|phone&#8220; header_3_font_size_tablet=&#8220;18px&#8220; header_3_font_size_phone=&#8220;17px&#8220; header_3_font_size_last_edited=&#8220;on|phone&#8220; header_3_line_height_tablet=&#8220;1.8em&#8220; header_3_line_height_phone=&#8220;1.4em&#8220; header_3_line_height_last_edited=&#8220;on|phone&#8220; global_colors_info=&#8220;{}&#8220; text_font_size_last_edited=&#8220;on|phone&#8220; text_font_size_tablet=&#8220;15px&#8220; sticky_enabled=&#8220;0&#8243; text_font_size_phone=&#8220;14px&#8220;]<p style=\"text-align: center;\"><strong>Seht euch nun das nebenstehende Video an.<\/strong><\/p>[\/et_pb_text][et_pb_code _builder_version=&#8220;4.27.4&#8243; _module_preset=&#8220;default&#8220; custom_margin=&#8220;||-273px||false|false&#8220; custom_margin_tablet=&#8220;||-374px||false|false&#8220; custom_margin_phone=&#8220;||-283px||false|false&#8220; custom_margin_last_edited=&#8220;on|phone&#8220; hover_enabled=&#8220;0&#8243; global_colors_info=&#8220;{}&#8220; sticky_enabled=&#8220;0&#8243;]<script src=\"https:\/\/fast.wistia.com\/player.js\" async><\/script><script src=\"https:\/\/fast.wistia.com\/embed\/cpyii7sf9g.js\" async type=\"module\"><\/script><style>wistia-player[media-id='cpyii7sf9g']:not(:defined) { background: center \/ contain no-repeat url('https:\/\/fast.wistia.com\/embed\/medias\/cpyii7sf9g\/swatch'); display: block; filter: blur(5px); padding-top:177.78%; }<\/style> <wistia-player media-id=\"cpyii7sf9g\" aspect=\"0.5625\"><\/wistia-player>[\/et_pb_code][et_pb_text content_tablet=&#8220;<h3 style=%22text-align: justify;%22>In der Zwischenzeit k\u00f6nnt ihr euch gerne auf meinem Instagramprofil umschauen &#8211; <strong>vergesst nicht, mich zu abonnieren<\/strong> \ud83d\ude42<\/h3>&#8220; content_phone=&#8220;<h3 style=%22text-align: justify;%22>In der Zwischenzeit k\u00f6nnt ihr euch gerne auf meinem Instagramprofil umschauen &#8211; <strong>vergesst nicht, mich zu abonnieren<\/strong> \ud83d\ude42<\/h3>&#8220; content_last_edited=&#8220;on|phone&#8220; _builder_version=&#8220;4.27.4&#8243; _module_preset=&#8220;default&#8220; text_font=&#8220;Libra Franklin Light||||||||&#8220; text_text_color=&#8220;#FFFFFF&#8220; text_font_size=&#8220;13px&#8220; header_3_font=&#8220;Libra Franklin Light|300|||||||&#8220; header_3_text_align=&#8220;center&#8220; header_3_text_color=&#8220;#292828&#8243; header_3_font_size=&#8220;18px&#8220; header_3_line_height=&#8220;1.8em&#8220; custom_margin_tablet=&#8220;455px|35px||35px|false|true&#8220; custom_margin_phone=&#8220;327px|0px||0px|false|true&#8220; custom_margin_last_edited=&#8220;on|phone&#8220; hover_enabled=&#8220;0&#8243; text_line_height_tablet=&#8220;&#8220; text_line_height_phone=&#8220;1em&#8220; text_line_height_last_edited=&#8220;on|phone&#8220; header_3_font_size_tablet=&#8220;15px&#8220; header_3_font_size_phone=&#8220;14px&#8220; header_3_font_size_last_edited=&#8220;on|tablet&#8220; header_3_line_height_tablet=&#8220;1.8em&#8220; header_3_line_height_phone=&#8220;1.4em&#8220; header_3_line_height_last_edited=&#8220;on|phone&#8220; global_colors_info=&#8220;{}&#8220; sticky_enabled=&#8220;0&#8243; header_line_height_last_edited=&#8220;on|tablet&#8220; header_line_height_phone=&#8220;1.8em&#8220; header_line_height_tablet=&#8220;1.8em&#8220;]<h3>In der Zwischenzeit k\u00f6nnt ihr euch gerne auf meinem Instagramprofil umschauen &#8211; <strong>vergesst nicht, mich zu abonnieren<\/strong> \ud83d\ude42<\/h3>[\/et_pb_text][et_pb_button button_url=&#8220;https:\/\/www.instagram.com\/ronja.weddings\/&#8220; button_text=&#8220;Zu meinem Instagramprofil&#8220; button_alignment=&#8220;center&#8220; _builder_version=&#8220;4.27.4&#8243; _module_preset=&#8220;default&#8220; custom_button=&#8220;on&#8220; button_text_size=&#8220;20px&#8220; button_text_color=&#8220;#292828&#8243; button_border_color=&#8220;#292828&#8243; button_icon=&#8220;&#xe09a;||divi||400&#8243; button_icon_color=&#8220;#292828&#8243; button_icon_placement=&#8220;left&#8220; button_on_hover=&#8220;off&#8220; background_layout=&#8220;dark&#8220; hover_enabled=&#8220;0&#8243; button_text_size_tablet=&#8220;15px&#8220; button_text_size_phone=&#8220;14px&#8220; button_text_size_last_edited=&#8220;on|phone&#8220; global_colors_info=&#8220;{}&#8220; sticky_enabled=&#8220;0&#8243;][\/et_pb_button][\/et_pb_column][et_pb_column type=&#8220;2_5&#8243; _builder_version=&#8220;4.16&#8243; global_colors_info=&#8220;{}&#8220;][\/et_pb_column][\/et_pb_row][\/et_pb_section]\n","protected":false},"excerpt":{"rendered":"<p>Vielen Dank f\u00fcr eure Anfrage!Ich \u00fcberpr\u00fcfe, ob und wie ich euch weiterhelfen kann. Ich werde mich in der Regel innerhalb von 48 Stunden bei euch melden. Stellt also unbedingt sicher, dass ihr innerhalb der n\u00e4chsten Tage auf der von euch angegebenen Nummer gut erreichbar seid.Seht euch nun das nebenstehende Video an.In der Zwischenzeit k\u00f6nnt ihr [&hellip;]<\/p>\n","protected":false},"author":2,"featured_media":0,"parent":0,"menu_order":0,"comment_status":"closed","ping_status":"closed","template":"","meta":{"_et_pb_use_builder":"on","_et_pb_old_content":"","_et_gb_content_width":"","om_disable_all_campaigns":false,"_monsterinsights_skip_tracking":false,"_monsterinsights_sitenote_active":false,"_monsterinsights_sitenote_note":"","_monsterinsights_sitenote_category":0,"footnotes":""},"class_list":["post-954","page","type-page","status-publish","hentry"],"_links":{"self":[{"href":"https:\/\/tokio.hochzeitsbusiness.com\/en\/wp-json\/wp\/v2\/pages\/954","targetHints":{"allow":["GET"]}}],"collection":[{"href":"https:\/\/tokio.hochzeitsbusiness.com\/en\/wp-json\/wp\/v2\/pages"}],"about":[{"href":"https:\/\/tokio.hochzeitsbusiness.com\/en\/wp-json\/wp\/v2\/types\/page"}],"author":[{"embeddable":true,"href":"https:\/\/tokio.hochzeitsbusiness.com\/en\/wp-json\/wp\/v2\/users\/2"}],"replies":[{"embeddable":true,"href":"https:\/\/tokio.hochzeitsbusiness.com\/en\/wp-json\/wp\/v2\/comments?post=954"}],"version-history":[{"count":17,"href":"https:\/\/tokio.hochzeitsbusiness.com\/en\/wp-json\/wp\/v2\/pages\/954\/revisions"}],"predecessor-version":[{"id":5466,"href":"https:\/\/tokio.hochzeitsbusiness.com\/en\/wp-json\/wp\/v2\/pages\/954\/revisions\/5466"}],"wp:attachment":[{"href":"https:\/\/tokio.hochzeitsbusiness.com\/en\/wp-json\/wp\/v2\/media?parent=954"}],"curies":[{"name":"wp","href":"https:\/\/api.w.org\/{rel}","templated":true}]}}